{"id":33,"date":"2024-04-29T22:21:59","date_gmt":"2024-04-29T20:21:59","guid":{"rendered":"http:\/\/massagetherapeutique-carole.ch\/?page_id=33"},"modified":"2025-07-07T19:22:32","modified_gmt":"2025-07-07T17:22:32","slug":"presentation","status":"publish","type":"page","link":"https:\/\/massagetherapeutique-carole.ch\/","title":{"rendered":"Bienvenue"},"content":{"rendered":"\r\n<h1 class=\"wp-block-heading has-text-align-center\">Massage th\u00e9rapeutique<\/h1>\r\n\r\n\r\n\r\n<h3 class=\"wp-block-heading has-text-align-center\">Carole Chassot<\/h3>\r\n\r\n\r\n\r\n<div class=\"wp-block-cover is-light has-small-font-size\" style=\"min-height: 131px;aspect-ratio:unset;\"><img loading=\"lazy\" decoding=\"async\" width=\"1920\" height=\"299\" class=\"wp-block-cover__image-background wp-image-226\" src=\"http:\/\/massagetherapeutique-carole.ch\/wp-content\/uploads\/2024\/07\/cropped-DSC4772-scaled-1.jpg\" alt=\"\" data-object-fit=\"cover\" srcset=\"https:\/\/massagetherapeutique-carole.ch\/wp-content\/uploads\/2024\/07\/cropped-DSC4772-scaled-1.jpg 1920w, https:\/\/massagetherapeutique-carole.ch\/wp-content\/uploads\/2024\/07\/cropped-DSC4772-scaled-1-300x47.jpg 300w, https:\/\/massagetherapeutique-carole.ch\/wp-content\/uploads\/2024\/07\/cropped-DSC4772-scaled-1-1024x159.jpg 1024w, https:\/\/massagetherapeutique-carole.ch\/wp-content\/uploads\/2024\/07\/cropped-DSC4772-scaled-1-768x120.jpg 768w, https:\/\/massagetherapeutique-carole.ch\/wp-content\/uploads\/2024\/07\/cropped-DSC4772-scaled-1-1536x239.jpg 1536w\" sizes=\"auto, (max-width: 1920px) 100vw, 1920px\" \/>\r\n<div class=\"wp-block-cover__inner-container has-global-padding is-layout-constrained wp-block-cover-is-layout-constrained\">\r\n<p class=\"has-text-align-center has-white-color has-text-color has-link-color wp-elements-64ab88953de1a8760f7829ec6387fa4a\" style=\"font-size:clamp(14.082px, 0.88rem + ((1vw - 3.2px) * 0.678), 21px);\"><em>\u00ab\u00a0Le massage est la plus simple des m\u00e9thodes de soin\u00a0\u00bb.<\/em><\/p>\r\n\r\n\r\n\r\n<p class=\"has-text-align-center has-white-color has-text-color has-link-color has-small-font-size wp-elements-9f609990f99003a19f64526b2debb3e7\">Hippocrate<\/p>\r\n<\/div>\r\n<\/div>\r\n\r\n\r\n\r\n<div class=\"wp-block-group has-text-color has-background has-link-color wp-elements-e7ddff0731f78be7cdcfaec0c497c582 has-global-padding is-layout-constrained wp-container-core-group-is-layout-e145d324 wp-block-group-is-layout-constrained\" style=\"color: #634e42; background-color: #eadbc7; margin-top: var(--wp--preset--spacing--40); margin-bottom: var(--wp--preset--spacing--40); padding: var(--wp--preset--spacing--40);\">\r\n<h2 class=\"wp-block-heading has-text-align-center is-style-default\">Les soins<\/h2>\r\n\r\n\r\n\r\n<div class=\"wp-block-columns is-layout-flex wp-container-core-columns-is-layout-28f84493 wp-block-columns-is-layout-flex\" style=\"font-style: normal; font-weight: 100;\">\r\n<div class=\"wp-block-column is-layout-flow wp-block-column-is-layout-flow\" style=\"font-style: normal; font-weight: 100;\">\r\n<h6 class=\"wp-block-heading has-text-align-center\">relaxant<\/h6>\r\n\r\n\r\n\r\n<p class=\"has-text-align-center\" style=\"font-style: normal; font-weight: 100;\">Offrez-vous une pause dans le temps avec un massage relaxant<\/p>\r\n<\/div>\r\n\r\n\r\n\r\n<div class=\"wp-block-column is-layout-flow wp-block-column-is-layout-flow\">\r\n<h6 class=\"wp-block-heading has-text-align-center\">Sportif<\/h6>\r\n\r\n\r\n\r\n<p class=\"has-text-align-center\">Envie de d\u00e9faire vos tensions \u2013 douleurs musculaires avec un massage profond ? Optez pour un massage sportif<\/p>\r\n<\/div>\r\n\r\n\r\n\r\n<div class=\"wp-block-column is-layout-flow wp-block-column-is-layout-flow\">\r\n<h6 class=\"wp-block-heading has-text-align-center\">\u00ab\u00a0Sur mesure\u00a0\u00bb<\/h6>\r\n\r\n\r\n\r\n<p class=\"has-text-align-center\">Vous ressentez des tensions et des douleurs ? Allons les chercher \u00e0 leur source et travaillons en massage sur ces zones.<\/p>\r\n<\/div>\r\n<\/div>\r\n<\/div>\r\n\r\n\r\n\r\n<div class=\"wp-block-group has-text-color has-background has-link-color wp-elements-c5c87232b50f170bc688f9d7bcbcb4ac has-global-padding is-layout-constrained wp-container-core-group-is-layout-e145d324 wp-block-group-is-layout-constrained\" style=\"color: #634e42; background-color: #eadbc7; margin-top: var(--wp--preset--spacing--40); margin-bottom: var(--wp--preset--spacing--40); padding: var(--wp--preset--spacing--40);\">\r\n<h2 class=\"wp-block-heading has-text-align-center\">A propos<\/h2>\r\n\r\n\r\n\r\n<div class=\"wp-block-columns is-layout-flex wp-container-core-columns-is-layout-28f84493 wp-block-columns-is-layout-flex\">\r\n<div class=\"wp-block-column is-layout-flow wp-block-column-is-layout-flow\" style=\"flex-basis: 33.33%;\">\r\n<figure class=\"wp-block-image size-full is-resized\"><img loading=\"lazy\" decoding=\"async\" width=\"170\" height=\"261\" class=\"wp-image-244\" style=\"width: 170px;\" src=\"http:\/\/massagetherapeutique-carole.ch\/wp-content\/uploads\/2024\/12\/IMG-20210930-WA0009.jpg\" alt=\"\" srcset=\"https:\/\/massagetherapeutique-carole.ch\/wp-content\/uploads\/2024\/12\/IMG-20210930-WA0009.jpg 592w, https:\/\/massagetherapeutique-carole.ch\/wp-content\/uploads\/2024\/12\/IMG-20210930-WA0009-196x300.jpg 196w\" sizes=\"auto, (max-width: 170px) 100vw, 170px\" \/><\/figure>\r\n<\/div>\r\n\r\n\r\n\r\n<div class=\"wp-block-column is-layout-flow wp-block-column-is-layout-flow\" style=\"flex-basis: 66.66%;\">\r\n<p>Ost\u00e9opathe pour animaux et massoth\u00e9rapeute (<em>pour les humains<\/em>), c\u2019est avec plaisir que je vous accueille au sein de mon cabinet pour prendre soin de vous.<\/p>\r\n\r\n\r\n\r\n<p>Chaque personne est unique et m\u00e9rite un soin qui lui correspond, j\u2019y mets un point d\u2019honneur lors de mes soins.<\/p>\r\n\r\n\r\n\r\n<p>Dans le but d\u2019enrichir mes pratiques et de proposer des soins toujours plus adapt\u00e9s, j\u2019agr\u00e9mente mon cursus de mani\u00e8re r\u00e9guli\u00e8re avec diverses formations\u00a0:<\/p>\r\n\r\n\r\n\r\n<ul class=\"wp-block-list\">\r\n<li>Anatomie, physiologie &amp; pathologie (2018)<\/li>\r\n\r\n\r\n\r\n<li>Massage classique (2018)<\/li>\r\n\r\n\r\n\r\n<li>Introduction aux huiles essentielles (2019)<\/li>\r\n\r\n\r\n\r\n<li>Th\u00e9rapie par les ventouses (2021)<\/li>\r\n\r\n\r\n\r\n<li>Introduction \u00e0 la vert\u00e9broth\u00e9rapie (2021)<\/li>\r\n\r\n\r\n\r\n<li>Mobilisation articulaire (2022)<\/li>\r\n\r\n\r\n\r\n<li>Acupuncture (2022-2026)<\/li>\r\n\r\n\r\n\r\n<li>Physiopathologie (2023-2025)<\/li>\r\n<\/ul>\r\n<\/div>\r\n<\/div>\r\n<\/div>\r\n\r\n\r\n\r\n<div class=\"wp-block-group has-text-color has-background has-link-color wp-elements-85d9ff1f15feec02dba948e6f6286bc0 has-global-padding is-layout-constrained wp-container-core-group-is-layout-e145d324 wp-block-group-is-layout-constrained\" style=\"color: #634e42; background-color: #eadbc7; margin-top: var(--wp--preset--spacing--40); margin-bottom: var(--wp--preset--spacing--40); padding: var(--wp--preset--spacing--40);\">\r\n<h2 class=\"wp-block-heading has-text-align-center\">Tarifs<\/h2>\r\n\r\n\r\n\r\n<p class=\"has-text-align-center\">Le prix est identique qu\u2019importe le type de massage choisi : relaxant \u2013 sportif \u2013 sur-mesure<br \/>Tous les massages sont propos\u00e9s en 2 dur\u00e9es :<\/p>\r\n\r\n\r\n\r\n<p class=\"has-text-align-center\">60 minutes \u2013 120 CHF<br \/>90 minutes \u2013 150 CHF<\/p>\r\n\r\n\r\n\r\n<p class=\"has-text-align-center\"><sup><em>Les s\u00e9ances sont a payer comptant \u00e0 la fin du soin, soit par cash, soit par twint<\/em><\/sup><\/p>\r\n\r\n\r\n\r\n<p class=\"has-text-align-center\">Massage reconnu ASCA (N\u00b0205) &amp; RME (N\u00b0102). \u00a0N\u2019h\u00e9sitez pas \u00e0 vous renseigner aupr\u00e8s de votre assurance compl\u00e9mentaire.<\/p>\r\n<\/div>\r\n\r\n\r\n\r\n<div class=\"wp-block-group has-text-color has-background has-link-color wp-elements-a160b8a96938a9a3e909be005cf61448 has-global-padding is-layout-constrained wp-container-core-group-is-layout-e145d324 wp-block-group-is-layout-constrained\" style=\"color: #634e42; background-color: #eadbc7; margin-top: var(--wp--preset--spacing--40); margin-bottom: var(--wp--preset--spacing--40); padding: var(--wp--preset--spacing--40);\">\r\n<h2 class=\"wp-block-heading has-text-align-center\">Horaire et contact<\/h2>\r\n\r\n\r\n\r\n<p class=\"has-text-align-center\"><strong>Carole Chassot \u2013 massoth\u00e9rapeute<\/strong><br \/>Faubourg du Lac 12<br \/>2000 Neuch\u00e2tel<\/p>\r\n\r\n\r\n\r\n<p class=\"has-text-align-center\">Jeudi\u00a0: 16h \u2013 19h<br \/>Vendredi 8h \u2013 18h<\/p>\r\n\r\n\r\n\r\n<p class=\"has-text-align-center\">Rendez-vous au 079\u00a0712 82 63<\/p>\r\n\r\n\r\n\r\n<p class=\"has-text-align-center\">ou directement en ligne<\/p>\r\n\r\n\r\n\r\n<div class=\"wp-block-buttons is-content-justification-center is-layout-flex wp-container-core-buttons-is-layout-a89b3969 wp-block-buttons-is-layout-flex\">\r\n<div class=\"wp-block-button has-custom-width wp-block-button__width-50\"><a class=\"wp-block-button__link has-background has-text-align-center wp-element-button\" style=\"background-color: #634e42;\" href=\"https:\/\/perfactive.ch\/massage-therapeutique-carole-chassot\/carole-chassot\/book\">Prendre rendez-vous<\/a><\/div>\r\n<\/div>\r\n<\/div>\r\n","protected":false},"excerpt":{"rendered":"<p>Massage th\u00e9rapeutique Carole Chassot Les soins relaxant Offrez-vous une pause dans le temps avec un massage relaxant Sportif Envie de d\u00e9faire vos tensions \u2013 douleurs musculaires avec un massage profond ? Optez pour un massage sportif \u00ab\u00a0Sur mesure\u00a0\u00bb Vous ressentez des tensions et des douleurs ? Allons les chercher \u00e0 leur source et travaillons en [&hellip;]<\/p>\n","protected":false},"author":1,"featured_media":0,"parent":0,"menu_order":0,"comment_status":"closed","ping_status":"closed","template":"","meta":{"footnotes":""},"class_list":["post-33","page","type-page","status-publish","hentry"],"_links":{"self":[{"href":"https:\/\/massagetherapeutique-carole.ch\/index.php\/wp-json\/wp\/v2\/pages\/33","targetHints":{"allow":["GET"]}}],"collection":[{"href":"https:\/\/massagetherapeutique-carole.ch\/index.php\/wp-json\/wp\/v2\/pages"}],"about":[{"href":"https:\/\/massagetherapeutique-carole.ch\/index.php\/wp-json\/wp\/v2\/types\/page"}],"author":[{"embeddable":true,"href":"https:\/\/massagetherapeutique-carole.ch\/index.php\/wp-json\/wp\/v2\/users\/1"}],"replies":[{"embeddable":true,"href":"https:\/\/massagetherapeutique-carole.ch\/index.php\/wp-json\/wp\/v2\/comments?post=33"}],"version-history":[{"count":73,"href":"https:\/\/massagetherapeutique-carole.ch\/index.php\/wp-json\/wp\/v2\/pages\/33\/revisions"}],"predecessor-version":[{"id":311,"href":"https:\/\/massagetherapeutique-carole.ch\/index.php\/wp-json\/wp\/v2\/pages\/33\/revisions\/311"}],"wp:attachment":[{"href":"https:\/\/massagetherapeutique-carole.ch\/index.php\/wp-json\/wp\/v2\/media?parent=33"}],"curies":[{"name":"wp","href":"https:\/\/api.w.org\/{rel}","templated":true}]}}